{"id":10,"date":"2015-06-07T17:35:49","date_gmt":"2015-06-07T17:35:49","guid":{"rendered":"http:\/\/asbatklubb.se\/wp\/?page_id=10"},"modified":"2024-05-20T14:13:14","modified_gmt":"2024-05-20T14:13:14","slug":"as-batklubb","status":"publish","type":"page","link":"https:\/\/asbatklubb.se\/index.php\/as-batklubb\/","title":{"rendered":"\u00c5s B\u00e5tklubb"},"content":{"rendered":"<p style=\"text-align: center;\">\u00c5s B\u00e5tklubb<\/p>\n<p>\u00c5s B\u00e5tklubb bildades redan 1983 av ett antal entusiastiska b\u00e5t\u00e4gare. Ideella krafter har successivt byggt upp verksamheten till vad den \u00e4r i dag. \u00c5s B\u00e5tklubb har 47 b\u00e5tplatser och c:a 70 medlemmar. V\u00e5r b\u00e5thamn ligger efter \u00c5ssj\u00f6ns strand med utsikt mot R\u00f6d\u00f6sundet och Oviksfj\u00e4llen. D\u00e4r finns klubbstuga, bryggor, g\u00e4stbrygga, utedass, samt en badplats.<\/p>\n<p style=\"text-align: center;\"><a style=\"line-height: 1.5;\" href=\"https:\/\/asbatklubb.se\/wp\/wp-content\/uploads\/2015\/06\/sb\u00e5tklubb-e1433697741647.jpg\"><img loading=\"lazy\" decoding=\"async\" class=\"alignnone size-medium wp-image-4\" src=\"https:\/\/asbatklubb.se\/wp\/wp-content\/uploads\/2015\/06\/\u00e5sb\u00e5tklubb-300x300.jpg\" alt=\"\u00e5sb\u00e5tklubb\" width=\"300\" height=\"300\" \/><\/a><\/p>\n<p style=\"text-align: center;\">\n","protected":false},"excerpt":{"rendered":"<p>\u00c5s B\u00e5tklubb \u00c5s B\u00e5tklubb bildades redan 1983 av ett antal entusiastiska b\u00e5t\u00e4gare. Ideella krafter har successivt byggt upp verksamheten till vad den \u00e4r i dag. \u00c5s B\u00e5tklubb har 47 b\u00e5tplatser och c:a 70 medlemmar. V\u00e5r b\u00e5thamn ligger efter \u00c5ssj\u00f6ns strand med utsikt mot R\u00f6d\u00f6sundet och Oviksfj\u00e4llen. D\u00e4r finns klubbstuga, bryggor, g\u00e4stbrygga, utedass, samt en badplats.<\/p>\n","protected":false},"author":1,"featured_media":12,"parent":0,"menu_order":0,"comment_status":"closed","ping_status":"closed","template":"template-fullwidth.php","meta":{"footnotes":""},"class_list":["post-10","page","type-page","status-publish","has-post-thumbnail","hentry"],"_links":{"self":[{"href":"https:\/\/asbatklubb.se\/index.php\/wp-json\/wp\/v2\/pages\/10","targetHints":{"allow":["GET"]}}],"collection":[{"href":"https:\/\/asbatklubb.se\/index.php\/wp-json\/wp\/v2\/pages"}],"about":[{"href":"https:\/\/asbatklubb.se\/index.php\/wp-json\/wp\/v2\/types\/page"}],"author":[{"embeddable":true,"href":"https:\/\/asbatklubb.se\/index.php\/wp-json\/wp\/v2\/users\/1"}],"replies":[{"embeddable":true,"href":"https:\/\/asbatklubb.se\/index.php\/wp-json\/wp\/v2\/comments?post=10"}],"version-history":[{"count":6,"href":"https:\/\/asbatklubb.se\/index.php\/wp-json\/wp\/v2\/pages\/10\/revisions"}],"predecessor-version":[{"id":477,"href":"https:\/\/asbatklubb.se\/index.php\/wp-json\/wp\/v2\/pages\/10\/revisions\/477"}],"wp:featuredmedia":[{"embeddable":true,"href":"https:\/\/asbatklubb.se\/index.php\/wp-json\/wp\/v2\/media\/12"}],"wp:attachment":[{"href":"https:\/\/asbatklubb.se\/index.php\/wp-json\/wp\/v2\/media?parent=10"}],"curies":[{"name":"wp","href":"https:\/\/api.w.org\/{rel}","templated":true}]}}