{"id":41,"date":"2015-06-17T14:42:15","date_gmt":"2015-06-17T14:42:15","guid":{"rendered":"http:\/\/asbatklubb.se\/?page_id=41"},"modified":"2026-03-27T07:36:33","modified_gmt":"2026-03-27T07:36:33","slug":"batplatts","status":"publish","type":"page","link":"https:\/\/asbatklubb.se\/index.php\/batplatts\/","title":{"rendered":"Medlemskap och B\u00e5tplats"},"content":{"rendered":"<p>F\u00f6r att anv\u00e4nda sj\u00f6s\u00e4ttningsrampen eller st\u00e4lla dig p\u00e5 k\u00f6 f\u00f6r b\u00e5tplats beh\u00f6ver du bli medlem i \u00c5s b\u00e5tklubb.<\/p>\n<p>F\u00f6r att bli medlem, betala in avgift f\u00f6r\u00a0det aktuella \u00e5ret\u00a0till \u00c5s B\u00e5tklubb samt fyll i medlemsformul\u00e4r nedan.<\/p>\n<p><strong>Priser:<\/strong><br \/>\nMedlemsavgift: 400.-\/\u00c5r (alla medlemmar)<br \/>\nB\u00e5tplats: 1220.- till 1850.-\/\u00c5r (beroende p\u00e5 b\u00e5tens storlek)\u00a0 + 400.- medlemsavgift.<br \/>\nK\u00f6plats: 400.-\/\u00c5r medlemsavgift (obligatoriskt f\u00f6r att beh\u00e5lla k\u00f6platsen)<br \/>\nDepositionsavgift f\u00f6r en f\u00f6rstahandsplats: 3200.-<br \/>\nDepositionsavgift nyckel till grind: 500.-<\/p>\n<p><strong>Kontonummer:<\/strong><\/p>\n<p>OBS! olika f\u00f6r \u00e5rsavgifter och depositioner<\/p>\n<p><strong>\u00c5rsavgifter:<\/strong><\/p>\n<p>Bankgiro 712-2799\u00a0Mycket viktigt: Ange avs\u00e4ndare vid betalning.<\/p>\n<p>Swish: 123-3708997 Mycket viktigt: Ange avs\u00e4ndare vid betalning.<\/p>\n<p><strong>Depositioner:<\/strong><\/p>\n<p>Bankkonto: 8147 -1,734 880 375 \u2013 5. \u00a0Ange avs\u00e4ndare vid betalning.<\/p>\n<p>&nbsp;<\/p>\n<p>L\u00e4s \u00e4ven\u00a0<a href=\"https:\/\/asbatklubb.se\/index.php\/koregler\/\" target=\"_blank\" rel=\"noopener noreferrer\">k\u00f6regler<\/a><\/p>\n<p>Fyll i nedan formul\u00e4r f\u00f6r att ans\u00f6ka om medlemskap eller \u00e4ndra tidigare registrerade uppgifter.<\/p>\n<p>(Scrolla tabellen i sidled om du har en liten sk\u00e4rm p\u00e5 din enhet)<\/p>\n\n<div class=\"wpcf7 no-js\" id=\"wpcf7-f75-o1\" lang=\"sv-SE\" dir=\"ltr\" data-wpcf7-id=\"75\">\n<div class=\"screen-reader-response\"><p role=\"status\" aria-live=\"polite\" aria-atomic=\"true\"><\/p> <ul><\/ul><\/div>\n<form action=\"\/index.php\/wp-json\/wp\/v2\/pages\/41#wpcf7-f75-o1\" method=\"post\" class=\"wpcf7-form init\" aria-label=\"Kontaktformul\u00e4r\" novalidate=\"novalidate\" data-status=\"init\">\n<fieldset class=\"hidden-fields-container\"><input type=\"hidden\" name=\"_wpcf7\" value=\"75\" \/><input type=\"hidden\" name=\"_wpcf7_version\" value=\"6.1.5\" \/><input type=\"hidden\" name=\"_wpcf7_locale\" value=\"sv_SE\" \/><input type=\"hidden\" name=\"_wpcf7_unit_tag\" value=\"wpcf7-f75-o1\" \/><input type=\"hidden\" name=\"_wpcf7_container_post\" value=\"0\" \/><input type=\"hidden\" name=\"_wpcf7_posted_data_hash\" value=\"\" \/>\n<\/fieldset>\n<div class=\"table-responsive\">\n\t<table class=\"table\">\n\t\t<tr>\n\t\t\t<td>\n\t\t\t\t<p>Ditt namn\n\t\t\t\t<\/p>\n\t\t\t\t<p><span class=\"wpcf7-form-control-wrap\" data-name=\"your-name\"><input size=\"40\" maxlength=\"400\" class=\"wpcf7-form-control wpcf7-text wpcf7-validates-as-required\" aria-required=\"true\" aria-invalid=\"false\" value=\"\" type=\"text\" name=\"your-name\" \/><\/span>\n\t\t\t\t<\/p>\n\t\t\t<\/td>\n\t\t\t<td>\n\t\t\t\t<p>Din epost\n\t\t\t\t<\/p>\n\t\t\t\t<p><span class=\"wpcf7-form-control-wrap\" data-name=\"your-email\"><input size=\"40\" maxlength=\"400\" class=\"wpcf7-form-control wpcf7-email wpcf7-validates-as-required wpcf7-text wpcf7-validates-as-email\" aria-required=\"true\" aria-invalid=\"false\" value=\"\" type=\"email\" name=\"your-email\" \/><\/span>\n\t\t\t\t<\/p>\n\t\t\t<\/td>\n\t\t<\/tr>\n\t\t<tr>\n\t\t\t<td>\n\t\t\t\t<p>Din adress\n\t\t\t\t<\/p>\n\t\t\t\t<p><span class=\"wpcf7-form-control-wrap\" data-name=\"adress\"><input size=\"40\" maxlength=\"400\" class=\"wpcf7-form-control wpcf7-text\" aria-invalid=\"false\" value=\"\" type=\"text\" name=\"adress\" \/><\/span>\n\t\t\t\t<\/p>\n\t\t\t<\/td>\n\t\t\t<td>\n\t\t\t\t<p>Postnr\n\t\t\t\t<\/p>\n\t\t\t\t<p><span class=\"wpcf7-form-control-wrap\" data-name=\"postnr\"><input size=\"40\" maxlength=\"400\" class=\"wpcf7-form-control wpcf7-text\" aria-invalid=\"false\" value=\"\" type=\"text\" name=\"postnr\" \/><\/span>\n\t\t\t\t<\/p>\n\t\t\t<\/td>\n\t\t\t<td>\n\t\t\t\t<p>Ort\n\t\t\t\t<\/p>\n\t\t\t\t<p><span class=\"wpcf7-form-control-wrap\" data-name=\"ort\"><input size=\"40\" maxlength=\"400\" class=\"wpcf7-form-control wpcf7-text\" aria-invalid=\"false\" value=\"\" type=\"text\" name=\"ort\" \/><\/span>\n\t\t\t\t<\/p>\n\t\t\t<\/td>\n\t\t<\/tr>\n\t\t<tr>\n\t\t\t<td>\n\t\t\t\t<p>Telefonnummer\n\t\t\t\t<\/p>\n\t\t\t\t<p><span class=\"wpcf7-form-control-wrap\" data-name=\"telefon\"><input size=\"40\" maxlength=\"400\" class=\"wpcf7-form-control wpcf7-tel wpcf7-validates-as-required wpcf7-text wpcf7-validates-as-tel\" id=\"telefon\" aria-required=\"true\" aria-invalid=\"false\" value=\"\" type=\"tel\" name=\"telefon\" \/><\/span>\n\t\t\t\t<\/p>\n\t\t\t<\/td>\n\t\t\t<td>\n\t\t\t\t<p>Personnummer\n\t\t\t\t<\/p>\n\t\t\t\t<p><span class=\"wpcf7-form-control-wrap\" data-name=\"Personnummer\"><input size=\"40\" maxlength=\"400\" class=\"wpcf7-form-control wpcf7-text\" id=\"Pnr\" aria-invalid=\"false\" placeholder=\"10 siffror\" value=\"\" type=\"text\" name=\"Personnummer\" \/><\/span>\n\t\t\t\t<\/p>\n\t\t\t<\/td>\n\t\t<\/tr>\n\t<\/table>\n\t<table>\n\t<\/table>\n<\/div>\n<p>Anm\u00e4lan avser:\n<\/p>\n<p><span class=\"wpcf7-form-control-wrap\" data-name=\"avser\"><span class=\"wpcf7-form-control wpcf7-radio\" id=\"avser\"><span class=\"wpcf7-list-item first\"><span class=\"wpcf7-list-item-label\">Medlemskap<\/span><input type=\"radio\" name=\"avser\" value=\"Medlemskap\" \/><\/span><span class=\"wpcf7-list-item\"><span class=\"wpcf7-list-item-label\">Medlemskap+b\u00e5tplats<\/span><input type=\"radio\" name=\"avser\" value=\"Medlemskap+b\u00e5tplats\" \/><\/span><span class=\"wpcf7-list-item last\"><span class=\"wpcf7-list-item-label\">\u00c4ndring av registrerade uppgifter<\/span><input type=\"radio\" name=\"avser\" value=\"\u00c4ndring av registrerade uppgifter\" \/><\/span><\/span><\/span>\n<\/p>\n<p>B\u00e5ttyp\n<\/p>\n<p><span class=\"wpcf7-form-control-wrap\" data-name=\"Battyp\"><span class=\"wpcf7-form-control wpcf7-radio\" id=\"Bttyp\"><span class=\"wpcf7-list-item first\"><span class=\"wpcf7-list-item-label\">Motorb\u00e5t<\/span><input type=\"radio\" name=\"Battyp\" value=\"Motorb\u00e5t\" \/><\/span><span class=\"wpcf7-list-item\"><span class=\"wpcf7-list-item-label\">Segelb\u00e5t<\/span><input type=\"radio\" name=\"Battyp\" value=\"Segelb\u00e5t\" \/><\/span><span class=\"wpcf7-list-item last\"><span class=\"wpcf7-list-item-label\">Motorseglare<\/span><input type=\"radio\" name=\"Battyp\" value=\"Motorseglare\" \/><\/span><\/span><\/span>\n<\/p>\n<p>Byggd i\n<\/p>\n<p><span class=\"wpcf7-form-control-wrap\" data-name=\"byggdi\"><span class=\"wpcf7-form-control wpcf7-radio\" id=\"Byggdi\"><span class=\"wpcf7-list-item first\"><span class=\"wpcf7-list-item-label\">Tr\u00e4<\/span><input type=\"radio\" name=\"byggdi\" value=\"Tr\u00e4\" \/><\/span><span class=\"wpcf7-list-item\"><span class=\"wpcf7-list-item-label\">Pl\u00e5t<\/span><input type=\"radio\" name=\"byggdi\" value=\"Pl\u00e5t\" \/><\/span><span class=\"wpcf7-list-item last\"><span class=\"wpcf7-list-item-label\">Plast<\/span><input type=\"radio\" name=\"byggdi\" value=\"Plast\" \/><\/span><\/span><\/span>\n<\/p>\n<table>\n\t<tr>\n\t\t<td>\n\t\t\t<p>B\u00e5tens namn\n\t\t\t<\/p>\n\t\t\t<p><span class=\"wpcf7-form-control-wrap\" data-name=\"batnamn\"><input size=\"40\" maxlength=\"400\" class=\"wpcf7-form-control wpcf7-text\" aria-invalid=\"false\" value=\"\" type=\"text\" name=\"batnamn\" \/><\/span>\n\t\t\t<\/p>\n\t\t<\/td>\n\t\t<td>\n\t\t\t<p>Tillverkare\n\t\t\t<\/p>\n\t\t\t<p><span class=\"wpcf7-form-control-wrap\" data-name=\"tillverkare\"><input size=\"40\" maxlength=\"400\" class=\"wpcf7-form-control wpcf7-text\" aria-invalid=\"false\" value=\"\" type=\"text\" name=\"tillverkare\" \/><\/span>\n\t\t\t<\/p>\n\t\t<\/td>\n\t<\/tr>\n\t<tr>\n\t\t<td>\n\t\t\t<p>L\u00e4ngd\n\t\t\t<\/p>\n\t\t\t<p><span class=\"wpcf7-form-control-wrap\" data-name=\"langd\"><input size=\"40\" maxlength=\"400\" class=\"wpcf7-form-control wpcf7-text\" aria-invalid=\"false\" value=\"\" type=\"text\" name=\"langd\" \/><\/span>\n\t\t\t<\/p>\n\t\t<\/td>\n\t\t<td>\n\t\t\t<p>Bredd\n\t\t\t<\/p>\n\t\t\t<p><span class=\"wpcf7-form-control-wrap\" data-name=\"bredd\"><input size=\"40\" maxlength=\"400\" class=\"wpcf7-form-control wpcf7-text\" aria-invalid=\"false\" value=\"\" type=\"text\" name=\"bredd\" \/><\/span>\n\t\t\t<\/p>\n\t\t<\/td>\n\t\t<td>\n\t\t\t<p>Vikt\n\t\t\t<\/p>\n\t\t\t<p><span class=\"wpcf7-form-control-wrap\" data-name=\"vikt\"><input size=\"40\" maxlength=\"400\" class=\"wpcf7-form-control wpcf7-text\" aria-invalid=\"false\" value=\"\" type=\"text\" name=\"vikt\" \/><\/span>\n\t\t\t<\/p>\n\t\t<\/td>\n\t<\/tr>\n\t<tr>\n\t\t<td>\n\t\t\t<p>Djupg\u00e5ende\n\t\t\t<\/p>\n\t\t\t<p><span class=\"wpcf7-form-control-wrap\" data-name=\"djup\"><input size=\"40\" maxlength=\"400\" class=\"wpcf7-form-control wpcf7-text\" aria-invalid=\"false\" value=\"\" type=\"text\" name=\"djup\" \/><\/span>\n\t\t\t<\/p>\n\t\t<\/td>\n\t\t<td>\n\t\t\t<p>Masth\u00f6jd\n\t\t\t<\/p>\n\t\t\t<p><span class=\"wpcf7-form-control-wrap\" data-name=\"masthojd\"><input size=\"40\" maxlength=\"400\" class=\"wpcf7-form-control wpcf7-text\" aria-invalid=\"false\" value=\"\" type=\"text\" name=\"masthojd\" \/><\/span>\n\t\t\t<\/p>\n\t\t<\/td>\n\t<\/tr>\n\t<tr>\n\t\t<td>\n\t\t\t<p>F\u00f6rs\u00e4kringsbolag:\n\t\t\t<\/p>\n\t\t\t<p><span class=\"wpcf7-form-control-wrap\" data-name=\"fbolag\"><input size=\"40\" maxlength=\"400\" class=\"wpcf7-form-control wpcf7-text\" aria-invalid=\"false\" value=\"\" type=\"text\" name=\"fbolag\" \/><\/span>\n\t\t\t<\/p>\n\t\t<\/td>\n\t\t<td>\n\t\t\t<p>F\u00f6rs\u00e4kringsnummer\n\t\t\t<\/p>\n\t\t\t<p><span class=\"wpcf7-form-control-wrap\" data-name=\"fnr\"><input size=\"40\" maxlength=\"400\" class=\"wpcf7-form-control wpcf7-text\" aria-invalid=\"false\" value=\"\" type=\"text\" name=\"fnr\" \/><\/span>\n\t\t\t<\/p>\n\t\t<\/td>\n\t<\/tr>\n<\/table>\n<p>Eventuellt meddelande\n<\/p>\n<p><span class=\"wpcf7-form-control-wrap\" data-name=\"your-message\"><textarea cols=\"40\" rows=\"10\" maxlength=\"2000\" class=\"wpcf7-form-control wpcf7-textarea\" aria-invalid=\"false\" name=\"your-message\"><\/textarea><\/span>\n<\/p>\n<p>Jag har l\u00e4st \u00c5sb\u00e5tklubbs stadgar och ordningsf\u00f6reskrifter\n<\/p>\n<p><span class=\"wpcf7-form-control-wrap\" data-name=\"ok\"><span class=\"wpcf7-form-control wpcf7-acceptance\"><span class=\"wpcf7-list-item\"><input type=\"checkbox\" name=\"ok\" value=\"1\" id=\"ok\" aria-invalid=\"false\" \/><\/span><\/span><\/span>\n<\/p>\n<p><input class=\"wpcf7-form-control wpcf7-submit has-spinner\" type=\"submit\" value=\"Skicka\" \/>\n<\/p><div class=\"wpcf7-response-output\" aria-hidden=\"true\"><\/div>\n<\/form>\n<\/div>\n\n<p><span style=\"color: #ff0000;\"><strong>\u00a0<\/strong><\/span><\/p>\n","protected":false},"excerpt":{"rendered":"<p>F\u00f6r att anv\u00e4nda sj\u00f6s\u00e4ttningsrampen eller st\u00e4lla dig p\u00e5 k\u00f6 f\u00f6r b\u00e5tplats beh\u00f6ver du bli medlem i \u00c5s b\u00e5tklubb. F\u00f6r att bli medlem, betala in avgift f\u00f6r\u00a0det aktuella \u00e5ret\u00a0till \u00c5s B\u00e5tklubb samt fyll i medlemsformul\u00e4r nedan. Priser: Medlemsavgift: 400.-\/\u00c5r (alla medlemmar) B\u00e5tplats: 1220.- till 1850.-\/\u00c5r (beroende p\u00e5 b\u00e5tens storlek)\u00a0 + 400.- medlemsavgift. K\u00f6plats: 400.-\/\u00c5r medlemsavgift (obligatoriskt<a href=\"https:\/\/asbatklubb.se\/index.php\/batplatts\/\">[&#8230;]<\/a><\/p>\n","protected":false},"author":1,"featured_media":4,"parent":0,"menu_order":0,"comment_status":"closed","ping_status":"closed","template":"template-fullwidth.php","meta":{"footnotes":""},"class_list":["post-41","page","type-page","status-publish","has-post-thumbnail","hentry"],"_links":{"self":[{"href":"https:\/\/asbatklubb.se\/index.php\/wp-json\/wp\/v2\/pages\/41","targetHints":{"allow":["GET"]}}],"collection":[{"href":"https:\/\/asbatklubb.se\/index.php\/wp-json\/wp\/v2\/pages"}],"about":[{"href":"https:\/\/asbatklubb.se\/index.php\/wp-json\/wp\/v2\/types\/page"}],"author":[{"embeddable":true,"href":"https:\/\/asbatklubb.se\/index.php\/wp-json\/wp\/v2\/users\/1"}],"replies":[{"embeddable":true,"href":"https:\/\/asbatklubb.se\/index.php\/wp-json\/wp\/v2\/comments?post=41"}],"version-history":[{"count":20,"href":"https:\/\/asbatklubb.se\/index.php\/wp-json\/wp\/v2\/pages\/41\/revisions"}],"predecessor-version":[{"id":703,"href":"https:\/\/asbatklubb.se\/index.php\/wp-json\/wp\/v2\/pages\/41\/revisions\/703"}],"wp:featuredmedia":[{"embeddable":true,"href":"https:\/\/asbatklubb.se\/index.php\/wp-json\/wp\/v2\/media\/4"}],"wp:attachment":[{"href":"https:\/\/asbatklubb.se\/index.php\/wp-json\/wp\/v2\/media?parent=41"}],"curies":[{"name":"wp","href":"https:\/\/api.w.org\/{rel}","templated":true}]}}