{"id":90,"date":"2016-05-23T20:17:14","date_gmt":"2016-05-23T20:17:14","guid":{"rendered":"http:\/\/asbatklubb.se\/?page_id=90"},"modified":"2026-03-27T07:40:27","modified_gmt":"2026-03-27T07:40:27","slug":"koregler","status":"publish","type":"page","link":"https:\/\/asbatklubb.se\/index.php\/batplatts\/koregler\/","title":{"rendered":"K\u00f6regler"},"content":{"rendered":"<ol>\n<li>F\u00f6r att kunna st\u00e5 i k\u00f6 f\u00f6r b\u00e5tplats m\u00e5ste man vara medlem i \u00c5sb\u00e5tklubb. Avgiften betalas samtidigt som ans\u00f6kan skickas in via formul\u00e4ret p\u00e5 hemsidan.<\/li>\n<li>Placering i k\u00f6n best\u00e4ms av anm\u00e4lningsdatum.<\/li>\n<li>Platser f\u00f6rdelas enligt principen\n<ol>\n<li>Plats i k\u00f6n<\/li>\n<li>B\u00e5tens beskaffenhet (storlek, djupg\u00e5ende&#8230;)<\/li>\n<\/ol>\n<\/li>\n<li>Platser f\u00f6rdelas enligt tillg\u00e5ng.<\/li>\n<li>S\u00f6kande som tackar nej till erbjudande av plats placeras sist i k\u00f6n.<\/li>\n<li>Medlem med ordinarie b\u00e5tplats kan efter ans\u00f6kan och styrelsebeslut, byta b\u00e5tplatsen mot en plats i k\u00f6n.<\/li>\n<li>Vid erbjudande om b\u00e5tplats ska svar ges inom en vecka.<\/li>\n<li>Vid accepterande av b\u00e5tplats ska b\u00e5t sj\u00f6s\u00e4ttas innevarande \u00e5r.<\/li>\n<li>Om det \u00e4r k\u00f6 till b\u00e5tplatser g\u00e4ller en b\u00e5tplats per person.<\/li>\n<\/ol>\n","protected":false},"excerpt":{"rendered":"<p>F\u00f6r att kunna st\u00e5 i k\u00f6 f\u00f6r b\u00e5tplats m\u00e5ste man vara medlem i \u00c5sb\u00e5tklubb. Avgiften betalas samtidigt som ans\u00f6kan skickas in via formul\u00e4ret p\u00e5 hemsidan. Placering i k\u00f6n best\u00e4ms av anm\u00e4lningsdatum. Platser f\u00f6rdelas enligt principen Plats i k\u00f6n B\u00e5tens beskaffenhet (storlek, djupg\u00e5ende&#8230;) Platser f\u00f6rdelas enligt tillg\u00e5ng. S\u00f6kande som tackar nej till erbjudande av plats placeras<a href=\"https:\/\/asbatklubb.se\/index.php\/batplatts\/koregler\/\">[&#8230;]<\/a><\/p>\n","protected":false},"author":1,"featured_media":0,"parent":41,"menu_order":0,"comment_status":"closed","ping_status":"closed","template":"","meta":{"footnotes":""},"class_list":["post-90","page","type-page","status-publish","hentry"],"_links":{"self":[{"href":"https:\/\/asbatklubb.se\/index.php\/wp-json\/wp\/v2\/pages\/90","targetHints":{"allow":["GET"]}}],"collection":[{"href":"https:\/\/asbatklubb.se\/index.php\/wp-json\/wp\/v2\/pages"}],"about":[{"href":"https:\/\/asbatklubb.se\/index.php\/wp-json\/wp\/v2\/types\/page"}],"author":[{"embeddable":true,"href":"https:\/\/asbatklubb.se\/index.php\/wp-json\/wp\/v2\/users\/1"}],"replies":[{"embeddable":true,"href":"https:\/\/asbatklubb.se\/index.php\/wp-json\/wp\/v2\/comments?post=90"}],"version-history":[{"count":2,"href":"https:\/\/asbatklubb.se\/index.php\/wp-json\/wp\/v2\/pages\/90\/revisions"}],"predecessor-version":[{"id":704,"href":"https:\/\/asbatklubb.se\/index.php\/wp-json\/wp\/v2\/pages\/90\/revisions\/704"}],"up":[{"embeddable":true,"href":"https:\/\/asbatklubb.se\/index.php\/wp-json\/wp\/v2\/pages\/41"}],"wp:attachment":[{"href":"https:\/\/asbatklubb.se\/index.php\/wp-json\/wp\/v2\/media?parent=90"}],"curies":[{"name":"wp","href":"https:\/\/api.w.org\/{rel}","templated":true}]}}